{"id":7729,"date":"2026-01-30T22:18:50","date_gmt":"2026-01-30T21:18:50","guid":{"rendered":"https:\/\/eshop.kfckomarno.sk\/?post_type=product&#038;p=7729"},"modified":"2026-01-30T22:19:39","modified_gmt":"2026-01-30T21:19:39","slug":"merkozesmez-feher","status":"publish","type":"product","link":"https:\/\/eshop.kfckomarno.sk\/hu\/produkt\/merkozesmez-feher\/","title":{"rendered":"M\u00e9rk\u0151z\u00e9smez &#8211; feh\u00e9r"},"content":{"rendered":"","protected":false},"excerpt":{"rendered":"","protected":false},"featured_media":7722,"comment_status":"closed","ping_status":"closed","template":"","meta":[],"product_brand":[],"product_cat":[182],"product_tag":[],"class_list":{"0":"post-7729","1":"product","2":"type-product","3":"status-publish","4":"has-post-thumbnail","6":"product_cat-ruhak","8":"first","9":"instock","10":"taxable","11":"shipping-taxable","12":"purchasable","13":"product-type-variable"},"_links":{"self":[{"href":"https:\/\/eshop.kfckomarno.sk\/hu\/wp-json\/wp\/v2\/product\/7729","targetHints":{"allow":["GET"]}}],"collection":[{"href":"https:\/\/eshop.kfckomarno.sk\/hu\/wp-json\/wp\/v2\/product"}],"about":[{"href":"https:\/\/eshop.kfckomarno.sk\/hu\/wp-json\/wp\/v2\/types\/product"}],"replies":[{"embeddable":true,"href":"https:\/\/eshop.kfckomarno.sk\/hu\/wp-json\/wp\/v2\/comments?post=7729"}],"wp:featuredmedia":[{"embeddable":true,"href":"https:\/\/eshop.kfckomarno.sk\/hu\/wp-json\/wp\/v2\/media\/7722"}],"wp:attachment":[{"href":"https:\/\/eshop.kfckomarno.sk\/hu\/wp-json\/wp\/v2\/media?parent=7729"}],"wp:term":[{"taxonomy":"product_brand","embeddable":true,"href":"https:\/\/eshop.kfckomarno.sk\/hu\/wp-json\/wp\/v2\/product_brand?post=7729"},{"taxonomy":"product_cat","embeddable":true,"href":"https:\/\/eshop.kfckomarno.sk\/hu\/wp-json\/wp\/v2\/product_cat?post=7729"},{"taxonomy":"product_tag","embeddable":true,"href":"https:\/\/eshop.kfckomarno.sk\/hu\/wp-json\/wp\/v2\/product_tag?post=7729"}],"curies":[{"name":"wp","href":"https:\/\/api.w.org\/{rel}","templated":true}]}}