{"id":7428,"date":"2025-02-26T12:22:50","date_gmt":"2025-02-26T11:22:50","guid":{"rendered":"https:\/\/eshop.kfckomarno.sk\/produkt\/kotott-kendo-megfordithato\/"},"modified":"2025-03-07T19:41:03","modified_gmt":"2025-03-07T18:41:03","slug":"ketoldalu-kotott-sal","status":"publish","type":"product","link":"https:\/\/eshop.kfckomarno.sk\/hu\/produkt\/ketoldalu-kotott-sal\/","title":{"rendered":"K\u00e9toldal\u00fa k\u00f6t\u00f6tt s\u00e1l"},"content":{"rendered":"","protected":false},"excerpt":{"rendered":"<p>&#8216;KFC go!&#8217; &#8211; &#8216;KFC hajr\u00e1 KFC&#8217;<\/p>\n","protected":false},"featured_media":6357,"comment_status":"closed","ping_status":"closed","template":"","meta":[],"product_brand":[],"product_cat":[181],"product_tag":[],"class_list":{"0":"post-7428","1":"product","2":"type-product","3":"status-publish","4":"has-post-thumbnail","6":"product_cat-tartozekok","8":"first","9":"outofstock","10":"taxable","11":"shipping-taxable","12":"purchasable","13":"product-type-simple"},"_links":{"self":[{"href":"https:\/\/eshop.kfckomarno.sk\/hu\/wp-json\/wp\/v2\/product\/7428","targetHints":{"allow":["GET"]}}],"collection":[{"href":"https:\/\/eshop.kfckomarno.sk\/hu\/wp-json\/wp\/v2\/product"}],"about":[{"href":"https:\/\/eshop.kfckomarno.sk\/hu\/wp-json\/wp\/v2\/types\/product"}],"replies":[{"embeddable":true,"href":"https:\/\/eshop.kfckomarno.sk\/hu\/wp-json\/wp\/v2\/comments?post=7428"}],"wp:featuredmedia":[{"embeddable":true,"href":"https:\/\/eshop.kfckomarno.sk\/hu\/wp-json\/wp\/v2\/media\/6357"}],"wp:attachment":[{"href":"https:\/\/eshop.kfckomarno.sk\/hu\/wp-json\/wp\/v2\/media?parent=7428"}],"wp:term":[{"taxonomy":"product_brand","embeddable":true,"href":"https:\/\/eshop.kfckomarno.sk\/hu\/wp-json\/wp\/v2\/product_brand?post=7428"},{"taxonomy":"product_cat","embeddable":true,"href":"https:\/\/eshop.kfckomarno.sk\/hu\/wp-json\/wp\/v2\/product_cat?post=7428"},{"taxonomy":"product_tag","embeddable":true,"href":"https:\/\/eshop.kfckomarno.sk\/hu\/wp-json\/wp\/v2\/product_tag?post=7428"}],"curies":[{"name":"wp","href":"https:\/\/api.w.org\/{rel}","templated":true}]}}