{"id":7419,"date":"2025-02-25T21:47:44","date_gmt":"2025-02-25T20:47:44","guid":{"rendered":"https:\/\/eshop.kfckomarno.sk\/produkt\/120-ev-a-labdarugas-horizontjan\/"},"modified":"2025-02-25T21:47:44","modified_gmt":"2025-02-25T20:47:44","slug":"120-ev-a-labdarugas-horizontjan","status":"publish","type":"product","link":"https:\/\/eshop.kfckomarno.sk\/hu\/produkt\/120-ev-a-labdarugas-horizontjan\/","title":{"rendered":"120 \u00e9v a labdar\u00fag\u00e1s horizontj\u00e1n"},"content":{"rendered":"<p>Term\u00e9kle\u00edr\u00e1s<\/p>\n","protected":false},"excerpt":{"rendered":"<p>R\u00f6vid term\u00e9kle\u00edr\u00e1s<\/p>\n","protected":false},"featured_media":6356,"comment_status":"closed","ping_status":"closed","template":"","meta":[],"product_brand":[],"product_cat":[182],"product_tag":[],"class_list":{"0":"post-7419","1":"product","2":"type-product","3":"status-publish","4":"has-post-thumbnail","6":"product_cat-ruhak","8":"first","9":"instock","10":"taxable","11":"shipping-taxable","12":"purchasable","13":"product-type-variable"},"_links":{"self":[{"href":"https:\/\/eshop.kfckomarno.sk\/hu\/wp-json\/wp\/v2\/product\/7419","targetHints":{"allow":["GET"]}}],"collection":[{"href":"https:\/\/eshop.kfckomarno.sk\/hu\/wp-json\/wp\/v2\/product"}],"about":[{"href":"https:\/\/eshop.kfckomarno.sk\/hu\/wp-json\/wp\/v2\/types\/product"}],"replies":[{"embeddable":true,"href":"https:\/\/eshop.kfckomarno.sk\/hu\/wp-json\/wp\/v2\/comments?post=7419"}],"wp:featuredmedia":[{"embeddable":true,"href":"https:\/\/eshop.kfckomarno.sk\/hu\/wp-json\/wp\/v2\/media\/6356"}],"wp:attachment":[{"href":"https:\/\/eshop.kfckomarno.sk\/hu\/wp-json\/wp\/v2\/media?parent=7419"}],"wp:term":[{"taxonomy":"product_brand","embeddable":true,"href":"https:\/\/eshop.kfckomarno.sk\/hu\/wp-json\/wp\/v2\/product_brand?post=7419"},{"taxonomy":"product_cat","embeddable":true,"href":"https:\/\/eshop.kfckomarno.sk\/hu\/wp-json\/wp\/v2\/product_cat?post=7419"},{"taxonomy":"product_tag","embeddable":true,"href":"https:\/\/eshop.kfckomarno.sk\/hu\/wp-json\/wp\/v2\/product_tag?post=7419"}],"curies":[{"name":"wp","href":"https:\/\/api.w.org\/{rel}","templated":true}]}}