{"id":7409,"date":"2025-02-26T12:55:11","date_gmt":"2025-02-26T11:55:11","guid":{"rendered":"https:\/\/eshop.kfckomarno.sk\/produkt\/kfc-sapka-lila\/"},"modified":"2025-03-07T19:38:17","modified_gmt":"2025-03-07T18:38:17","slug":"lila-baseball-sapka","status":"publish","type":"product","link":"https:\/\/eshop.kfckomarno.sk\/hu\/produkt\/lila-baseball-sapka\/","title":{"rendered":"Lila baseball sapka"},"content":{"rendered":"","protected":false},"excerpt":{"rendered":"<p>\u00e1ll\u00edthat\u00f3<\/p>\n","protected":false},"featured_media":6366,"comment_status":"closed","ping_status":"closed","template":"","meta":[],"product_brand":[],"product_cat":[182],"product_tag":[],"class_list":{"0":"post-7409","1":"product","2":"type-product","3":"status-publish","4":"has-post-thumbnail","6":"product_cat-ruhak","8":"first","9":"instock","10":"taxable","11":"shipping-taxable","12":"purchasable","13":"product-type-simple"},"_links":{"self":[{"href":"https:\/\/eshop.kfckomarno.sk\/hu\/wp-json\/wp\/v2\/product\/7409","targetHints":{"allow":["GET"]}}],"collection":[{"href":"https:\/\/eshop.kfckomarno.sk\/hu\/wp-json\/wp\/v2\/product"}],"about":[{"href":"https:\/\/eshop.kfckomarno.sk\/hu\/wp-json\/wp\/v2\/types\/product"}],"replies":[{"embeddable":true,"href":"https:\/\/eshop.kfckomarno.sk\/hu\/wp-json\/wp\/v2\/comments?post=7409"}],"wp:featuredmedia":[{"embeddable":true,"href":"https:\/\/eshop.kfckomarno.sk\/hu\/wp-json\/wp\/v2\/media\/6366"}],"wp:attachment":[{"href":"https:\/\/eshop.kfckomarno.sk\/hu\/wp-json\/wp\/v2\/media?parent=7409"}],"wp:term":[{"taxonomy":"product_brand","embeddable":true,"href":"https:\/\/eshop.kfckomarno.sk\/hu\/wp-json\/wp\/v2\/product_brand?post=7409"},{"taxonomy":"product_cat","embeddable":true,"href":"https:\/\/eshop.kfckomarno.sk\/hu\/wp-json\/wp\/v2\/product_cat?post=7409"},{"taxonomy":"product_tag","embeddable":true,"href":"https:\/\/eshop.kfckomarno.sk\/hu\/wp-json\/wp\/v2\/product_tag?post=7409"}],"curies":[{"name":"wp","href":"https:\/\/api.w.org\/{rel}","templated":true}]}}