{"id":7404,"date":"2025-02-26T13:06:56","date_gmt":"2025-02-26T12:06:56","guid":{"rendered":"https:\/\/eshop.kfckomarno.sk\/produkt\/kendo\/"},"modified":"2025-03-07T19:37:02","modified_gmt":"2025-03-07T18:37:02","slug":"szurkoloi-sal","status":"publish","type":"product","link":"https:\/\/eshop.kfckomarno.sk\/hu\/produkt\/szurkoloi-sal\/","title":{"rendered":"Szurkol\u00f3i s\u00e1l"},"content":{"rendered":"","protected":false},"excerpt":{"rendered":"<p>Kedv, Kitart\u00e1s, K\u00fczdelem<\/p>\n","protected":false},"featured_media":6370,"comment_status":"closed","ping_status":"closed","template":"","meta":[],"product_brand":[],"product_cat":[181],"product_tag":[],"class_list":{"0":"post-7404","1":"product","2":"type-product","3":"status-publish","4":"has-post-thumbnail","6":"product_cat-tartozekok","8":"first","9":"outofstock","10":"taxable","11":"shipping-taxable","12":"purchasable","13":"product-type-simple"},"_links":{"self":[{"href":"https:\/\/eshop.kfckomarno.sk\/hu\/wp-json\/wp\/v2\/product\/7404","targetHints":{"allow":["GET"]}}],"collection":[{"href":"https:\/\/eshop.kfckomarno.sk\/hu\/wp-json\/wp\/v2\/product"}],"about":[{"href":"https:\/\/eshop.kfckomarno.sk\/hu\/wp-json\/wp\/v2\/types\/product"}],"replies":[{"embeddable":true,"href":"https:\/\/eshop.kfckomarno.sk\/hu\/wp-json\/wp\/v2\/comments?post=7404"}],"wp:featuredmedia":[{"embeddable":true,"href":"https:\/\/eshop.kfckomarno.sk\/hu\/wp-json\/wp\/v2\/media\/6370"}],"wp:attachment":[{"href":"https:\/\/eshop.kfckomarno.sk\/hu\/wp-json\/wp\/v2\/media?parent=7404"}],"wp:term":[{"taxonomy":"product_brand","embeddable":true,"href":"https:\/\/eshop.kfckomarno.sk\/hu\/wp-json\/wp\/v2\/product_brand?post=7404"},{"taxonomy":"product_cat","embeddable":true,"href":"https:\/\/eshop.kfckomarno.sk\/hu\/wp-json\/wp\/v2\/product_cat?post=7404"},{"taxonomy":"product_tag","embeddable":true,"href":"https:\/\/eshop.kfckomarno.sk\/hu\/wp-json\/wp\/v2\/product_tag?post=7404"}],"curies":[{"name":"wp","href":"https:\/\/api.w.org\/{rel}","templated":true}]}}